{"id":1552,"date":"2025-03-27T21:30:19","date_gmt":"2025-03-27T21:30:19","guid":{"rendered":"https:\/\/work5image.monalba.cz\/geschichte\/"},"modified":"2025-05-14T13:30:08","modified_gmt":"2025-05-14T13:30:08","slug":"geschichte","status":"publish","type":"page","link":"https:\/\/www.imagetheatre.cz\/de\/ueber-das-theater\/geschichte\/","title":{"rendered":"Geschichte"},"content":{"rendered":"\t\t<div data-elementor-type=\"wp-page\" data-elementor-id=\"1552\" class=\"elementor elementor-1552 elementor-1122\" data-elementor-post-type=\"page\">\n\t\t\t\t<div class=\"elementor-element elementor-element-c695d18 e-con-full e-flex e-con e-parent\" data-id=\"c695d18\" data-element_type=\"container\" data-e-type=\"container\">\n\t\t<div class=\"elementor-element elementor-element-2bf2c04 e-con-full animated-slow e-flex elementor-invisible e-con e-child\" data-id=\"2bf2c04\" data-element_type=\"container\" data-e-type=\"container\" data-settings=\"{&quot;background_background&quot;:&quot;classic&quot;,&quot;animation&quot;:&quot;fadeIn&quot;}\">\n\t\t\t\t<\/div>\n\t\t\t\t<\/div>\n\t\t<div class=\"elementor-element elementor-element-246273a e-flex e-con-boxed e-con e-parent\" data-id=\"246273a\" data-element_type=\"container\" data-e-type=\"container\">\n\t\t\t\t\t<div class=\"e-con-inner\">\n\t\t<div class=\"elementor-element elementor-element-5c83c4a e-con-full boxshadow e-flex e-con e-child\" data-id=\"5c83c4a\" data-element_type=\"container\" data-e-type=\"container\" data-settings=\"{&quot;background_background&quot;:&quot;classic&quot;}\">\n\t\t<div class=\"elementor-element elementor-element-27ff74a e-con-full e-flex e-con e-child\" data-id=\"27ff74a\" data-element_type=\"container\" data-e-type=\"container\">\n\t\t\t\t<div class=\"elementor-element elementor-element-6035cba elementor-invisible elementor-widget elementor-widget-heading\" data-id=\"6035cba\" data-element_type=\"widget\" data-e-type=\"widget\" data-settings=\"{&quot;_animation&quot;:&quot;fadeInDown&quot;}\" data-widget_type=\"heading.default\">\n\t\t\t\t<div class=\"elementor-widget-container\">\n\t\t\t\t\t<h1 class=\"elementor-heading-title elementor-size-default\">Geschichte<\/h1>\t\t\t\t<\/div>\n\t\t\t\t<\/div>\n\t\t\t\t<div class=\"elementor-element elementor-element-38cb9fa elementor-widget elementor-widget-text-editor\" data-id=\"38cb9fa\" data-element_type=\"widget\" data-e-type=\"widget\" data-widget_type=\"text-editor.default\">\n\t\t\t\t<div class=\"elementor-widget-container\">\n\t\t\t\t\t\t\t\t\t<p>Das Theater IMAGE ist heutzutage ein Theaterensemble mit eigener Struktur sowie einem regelm\u00e4\u00dfigen Herzrhythmus. Sein Kern bildet seit Jahren eine stabile K\u00fcnstlergruppe. Aus ihrer Zusammenarbeit ist ein Ensemble gewachsen, das sich in der Theaterwelt etabliert hat, unter Beibehaltung der eigenen Autorenhandschrift \u2013 das eigentliche IMAGE. Die Arbeit der Autoren in einer freundschaftlichen Atmosph\u00e4re brachte eine Vorstellung zustande, die sich durch spezifische Charakteristika auszeichnet. Die K\u00fcnstler begannen, sich mit weiteren verwandten Seelen, Mitarbeitern und Kollegen zu versammeln, die das Theater auf gleiche Weise verstehen. Das Ensemble passte sich organisatorisch den ge\u00e4nderten Bedingungen an, erweiterte sich, blieb jedoch der eigenen Art treu, die ein unverwechselbarer Teil der Prager Theaterszene geworden ist.<br>Die Story IMAGE beginnt im Jahre 1989, als Alexander \u010ciha\u0159 und Eva Asterov\u00e1 ihr Engagement in einem anderen Theater k\u00fcndigten. Sie waren entschlossen, eine Theatergesellschaft aufzubauen, die ihren Vorstellungen entsprechen w\u00fcrde. Ein unabh\u00e4ngiges privates Theater, dem eine Kombination von schwarzem Theater, Tanz, Up to Date Jazz, zeitgen\u00f6ssische Musik und Pantomime zugrunde liegt. Ein Theater, das seinem Publikum eine kultivierte Unterhaltung bietet, sowie Genuss aus guter Musik und sch\u00f6nem Tanz vermittelt und last but not least eine gro\u00dfe Portion des befreienden Lachens produziert. Trotz Anfangsproblemen mit Finanzen, Raum und technischer Ausr\u00fcstung wurde der Traum doch binnen einiger Monate Wirklichkeit. Die Premiere der ersten Vorstellung fand im Jahre 1990 statt, ohne staatliche Unterst\u00fctzung und ohne jegliche Finanzinjektionen von Sponsoren. \u201eJazzmime Stories\u201c war eine Kombination von schwarzem Theater und einer Solovorstellung eines Mimen, der die klassischen pantomimischen Sketche spielte. Alles wurde durch die Musik von dem Komponisten Zden\u011bk Zden\u011bk der Jazzgruppe Naima live begleitet.            <\/p>\t\t\t\t\t\t\t\t<\/div>\n\t\t\t\t<\/div>\n\t\t\t\t<div class=\"elementor-element elementor-element-45374c5 elementor-widget elementor-widget-image\" data-id=\"45374c5\" data-element_type=\"widget\" data-e-type=\"widget\" data-widget_type=\"image.default\">\n\t\t\t\t<div class=\"elementor-widget-container\">\n\t\t\t\t\t\t\t\t\t\t\t\t\t\t\t<img fetchpriority=\"high\" decoding=\"async\" width=\"766\" height=\"173\" src=\"https:\/\/www.imagetheatre.cz\/wp-content\/uploads\/2025\/03\/historie2.jpg\" class=\"attachment-full size-full wp-image-1130\" alt=\"\" srcset=\"https:\/\/www.imagetheatre.cz\/wp-content\/uploads\/2025\/03\/historie2.jpg 766w, https:\/\/www.imagetheatre.cz\/wp-content\/uploads\/2025\/03\/historie2-300x68.jpg 300w\" sizes=\"(max-width: 766px) 100vw, 766px\" \/>\t\t\t\t\t\t\t\t\t\t\t\t\t\t\t<\/div>\n\t\t\t\t<\/div>\n\t\t\t\t<div class=\"elementor-element elementor-element-55511f4 elementor-widget elementor-widget-text-editor\" data-id=\"55511f4\" data-element_type=\"widget\" data-e-type=\"widget\" data-widget_type=\"text-editor.default\">\n\t\t\t\t<div class=\"elementor-widget-container\">\n\t\t\t\t\t\t\t\t\t<p><span style=\"font-weight: 400;\">Es waren die ber\u00fchmten schweren Zeiten. IMAGE betrat die neue Welt des Theaters als neues unbekanntes Ensemble und fing an. Das Ensemble hatte jedoch gr\u00f6\u00dfere Ambitionen, als nur den Gesch\u00e4ftserfolg zu verfolgen. Deshalb entschied sich Eva Asterov\u00e1, die f\u00fcr die Kunst zust\u00e4ndig ist, f\u00fcr eine rasante \u00c4nderung. Sie stellte drei neue Mimen ein, die neue Originalsketche und einen moderneren Pantomimenbegriff mitgebracht haben. \u201eJazzmime Stories\u201c erhielten einen neuen Auftrieb und sie halten sich auf dem Repertoire bis heute. Der Sitz des IMAGE \u2013 Theaters wurde nach der R\u00fcckkehr des Ensembles in passendere R\u00e4ume verlegt. Es gelang eine Theaterb\u00fchne im Herzen von Prag zu finden, in der Pa\u0159\u00ed\u017esk\u00e1, oder Pariser Stra\u00dfe, nur ein paar Schritte vom Altst\u00e4dter Ring entfernt. In der Mosaik-Revue \u201eFancy!\u201c (Premiere 1992) unternahmen die Autoren den Versuch einen engere Verbindung zwischen Schwarzem Theater und Pantomime, oder genauer gesagt dem nonverbalen Theater zu erreichen. 1999 fand die tausendste Vorstellung von \u201eFancy!\u201c statt. Die Repertoir eweiterung erzwang auch die Erweiterung des Ensembles. Der H\u00f6hepunkt war die erfolgreiche Premiere von \u201eNight Flight\u201c im August 1994, ein weiterer Schritt f\u00fcr den Fortschritt der Truppe. IMAGE hat seinen eigenen, typischen Stil geschaffen und bewahrt. Diesmal wurde eine Filmprojektion als Rahmenelement f\u00fcr die Geschichte verwendet. Einige Spezialeffekte des Schwarzen Theaters wurden speziell f\u00fcr diese Show entworfen. Ein weiteres Ergebnis der nicht versiegenden Quellen der Inspiration und Schaffung des Autorenteams ist die Vorstellung \u201eKabinett der Kuriosit\u00e4ten und Wunder des Professor Pra\u017e\u00e1k\u201c, die zum ersten Mal im April 1997 gezeigt wurde. Das B\u00fchnenbild in Kombination mit einer lustigen Geschichte erzeugten die bemerkenswerte Welt des merkw\u00fcrdigen Wissenschaftlers und Experimentators Professor Pra\u017e\u00e1k. Seine grotesken Experimente und ihre Demonstration versetzen die Zuschauer in virtuelle R\u00e4ume, wo das Schwarze Theater die Hauptrolle spielt. Eine lockere Fortsetzung der Exkursi in Professor Pra\u017e\u00e1ks Labor ist \u201eClonarium\u201c. Es geh\u00f6rt seit 1999 zum Repertoire des Theaters. Mit dem Thema der Einmischung in eine neue Lebensform wird der Typ des etwas schrulligen Wissenschaftlers aufs Korn genommen. Ein neues von den Autoren verwendetes Element war die Synchronisation von Schwarzem Theater und gleichzeitiger Filmprojektion. \u201eFiction\u201c aus dem Jahr 2001 ist das Ergebnis der Ansicht der Autoren vom kleinen Menschen im gro\u00dfen Universum. Der Spielplan des IMAGE \u2013 Theaters bietet den Zuschauern gew\u00f6hnlich eine Auswahl von drei oder vier verschiedenen Vorstellungen.<\/span><\/p>\t\t\t\t\t\t\t\t<\/div>\n\t\t\t\t<\/div>\n\t\t\t\t<div class=\"elementor-element elementor-element-ace8d80 elementor-widget elementor-widget-image\" data-id=\"ace8d80\" data-element_type=\"widget\" data-e-type=\"widget\" data-widget_type=\"image.default\">\n\t\t\t\t<div class=\"elementor-widget-container\">\n\t\t\t\t\t\t\t\t\t\t\t\t\t\t\t<img decoding=\"async\" width=\"766\" height=\"227\" src=\"https:\/\/www.imagetheatre.cz\/wp-content\/uploads\/2025\/03\/historie1.jpg\" class=\"attachment-full size-full wp-image-1134\" alt=\"\" srcset=\"https:\/\/www.imagetheatre.cz\/wp-content\/uploads\/2025\/03\/historie1.jpg 766w, https:\/\/www.imagetheatre.cz\/wp-content\/uploads\/2025\/03\/historie1-300x89.jpg 300w\" sizes=\"(max-width: 766px) 100vw, 766px\" \/>\t\t\t\t\t\t\t\t\t\t\t\t\t\t\t<\/div>\n\t\t\t\t<\/div>\n\t\t\t\t<div class=\"elementor-element elementor-element-51fc8fd elementor-widget elementor-widget-text-editor\" data-id=\"51fc8fd\" data-element_type=\"widget\" data-e-type=\"widget\" data-widget_type=\"text-editor.default\">\n\t\t\t\t<div class=\"elementor-widget-container\">\n\t\t\t\t\t\t\t\t\t<p><span style=\"font-weight: 400;\">Das Repertoire wird regelm\u00e4\u00dfig aktualisiert. Die Vorstellung \u201eThe Best of Image\u201c war urspr\u00fcnglich f\u00fcr Tourneen bestimmt als ein Auszug der aktuellen Arbeit. Heute wird sie auf der Heimatb\u00fchne pr\u00e4sentiert und ihr Erfolg f\u00fchrte zur Produktion des zweiten Teils \u2013 \u201eThe Best of Image II\u201c. Momentan bereitet IMAGE eine neue Vorstellung \u201eBlack Box\u201c vor, inspiriert von Detektiv geschichten.<br>Es folgte die Vorstellung \u201eBlack Box\u201c, inspiriert durch Detektivgeschichten, \u201eStudio Clip\u201c parodierend die Welt der Filmhorrors und Afrikania mit einem fr\u00f6hlichen Anblick des exotischen Ausflugs des Ehepaars.<br>In den mehr als drei\u00dfig Jahren seines Bestehens ist IMAGE zu einem wichtigen Teil der Prager Kulturszene geworden.     <\/span><\/p><p><span style=\"font-weight: 400;\">Es ist sehr bekannt bei den Pragern, bei Besuchern und auch bei den Zuschauern im Ausland. Sein Werdegang und die Vorstellungen bewegten die Entwicklung des Genres hin zu h\u00f6chster Qualit\u00e4t. Vom Schwarzen Theater geht eine synthetische Wirkung aus, in der intelligente und hochwertige Unterhaltung konzentriert wird. Das Stil handelt sich um eine Kombination aus Elementen des modernen Tanzes, interessanten Kost\u00fcmen, Pantomime und nonverbalem Theater, Kontakten mit den Zuschauern, Verwendung von Ton und Livemusik. Zus\u00e4tzlich zu traditionellen Ausdruckformen (Kontakt mit den Zuschauern, k\u00fcnstlerische Zugang zu Tanz, Arbeit mit Ton und Musik) entschloss sich IMAGE auch Filmprojektion als Rahmenelement in die gesamte Vorstellung einzubauen, dar\u00fcber hinaus wurden manche Spezialeffekte des Schwarzen Theaters eigens f\u00fcr diese Show entworfen. Die Verwendung von Geheimniskr\u00e4merei, pr\u00e4ziser Auff\u00fchrung, Schwarzem Theater und t\u00e4nzerischem Ausdruck, die Spielfreude der Autoren, die hingebungsvolle Arbeit der K\u00fcnstler und T\u00e4nzer und ihr Wunsch sowohl den Zuschauer als auch sich selbst gute Unterhaltung zu bieten erf\u00fcllen das Credo des Ensembles: lebendiges Theater aufzuf\u00fchren vor einem \u201elive\u201c Publikum.<br>Mehr als 8000 gespielte Vorstellungen und fast zwei Millionen Zuschauer w\u00e4hrend 30 Jahre sind sicherlich nicht der einzige Erfolgsma\u00dfstab des IMAGE-Theaters.       <\/span><\/p><p><span style=\"font-weight: 400;\">Abgesehen von unseren Tourneen im Ausland (z. B. Deutschland, die Schweiz, Belgien, Italien, Griechenland, Zypern, Israel, Ungarn, die Slowakei, die T\u00fcrkei oder Korea) hat das Theater IMAGE auch an Theaterfestivals und besonderen Projekten teilgenommen wie dem Karmiel Tanzfestival \u2013 Israel, und dem Theater und Tanzfestival Uijeongbu, Seoul, Korea oder gab regelm\u00e4\u00dfige Gastvorstellungen am Coronet Theater in Athen. Und es gab auch viele prestigetr\u00e4chtige gesellschaftliche Veranstaltungen, Kongresse, Ausstellungen oder andere Veranstaltungen bekannter Firmen wie Microsoft, Nokia, Volkswagen, Johnson &amp; Johnson, Motorola oder Bayernwerk AG in der M\u00fcnchner Olympiahalle und europaweit, die durch das IMAGE \u2013 Theater ihr Glanzlicht erhielten.<\/span><\/p><p><span style=\"font-weight: 400;\">Wir versuchen immer wahrzunehmen, wie und was unser Zuschauer f\u00fchlt, damit wir ihn aufs neue \u00fcberraschen, zufrieden stellen und zum Lachen bringen k\u00f6nnen.     <\/span><\/p>\t\t\t\t\t\t\t\t<\/div>\n\t\t\t\t<\/div>\n\t\t\t\t<\/div>\n\t\t\t\t<\/div>\n\t\t\t\t\t<\/div>\n\t\t\t\t<\/div>\n\t\t<div class=\"elementor-element elementor-element-99b5ca5 e-flex e-con-boxed e-con e-parent\" data-id=\"99b5ca5\" data-element_type=\"container\" data-e-type=\"container\">\n\t\t\t\t\t<div class=\"e-con-inner\">\n\t\t\t\t<div class=\"elementor-element elementor-element-b2e5a3d elementor-widget elementor-widget-shortcode\" data-id=\"b2e5a3d\" data-element_type=\"widget\" data-e-type=\"widget\" data-widget_type=\"shortcode.default\">\n\t\t\t\t<div class=\"elementor-widget-container\">\n\t\t\t\t\t\t\t<div class=\"elementor-shortcode\"><div class=\"navigace-stranek\" style=\"display:flex; justify-content:space-between; margin-top:0;\"><span><\/span><a href=\"https:\/\/www.imagetheatre.cz\/de\/ueber-das-theater\/repertoire-vergangener-spielzeiten\/\" class=\"next-link\"><span class=\"prevnextpage\">Repertoire vergangener spielzeiten<\/span><svg aria-hidden=\"true\" class=\"e-font-icon-svg e-fas-chevron-right\" viewBox=\"0 0 320 512\" width=\"16\" height=\"16\" fill=\"currentColor\" xmlns=\"http:\/\/www.w3.org\/2000\/svg\"><path d=\"M285.476 272.971L91.132 467.314c-9.373 9.373-24.569 9.373-33.941 0l-22.667-22.667c-9.357-9.357-9.375-24.522-.04-33.901L188.505 256 34.484 101.255c-9.335-9.379-9.317-24.544.04-33.901l22.667-22.667c9.373-9.373 24.569-9.373 33.941 0L285.475 239.03c9.373 9.372 9.373 24.568.001 33.941z\"><\/path><\/svg><\/a><\/div><\/div>\n\t\t\t\t\t\t<\/div>\n\t\t\t\t<\/div>\n\t\t\t\t\t<\/div>\n\t\t\t\t<\/div>\n\t\t\t\t<\/div>\n\t\t","protected":false},"excerpt":{"rendered":"<p>Geschichte Das Theater IMAGE ist heutzutage ein Theaterensemble mit eigener Struktur sowie einem regelm\u00e4\u00dfigen Herzrhythmus. Sein Kern bildet seit Jahren eine stabile K\u00fcnstlergruppe. Aus ihrer Zusammenarbeit ist ein Ensemble gewachsen, das sich in der Theaterwelt etabliert hat, unter Beibehaltung der eigenen Autorenhandschrift \u2013 das eigentliche IMAGE. Die Arbeit der Autoren in einer freundschaftlichen Atmosph\u00e4re brachte [&hellip;]<\/p>\n","protected":false},"author":1,"featured_media":0,"parent":1556,"menu_order":10,"comment_status":"closed","ping_status":"closed","template":"","meta":{"_acf_changed":false,"footnotes":""},"class_list":["post-1552","page","type-page","status-publish","hentry"],"acf":[],"_links":{"self":[{"href":"https:\/\/www.imagetheatre.cz\/de\/wp-json\/wp\/v2\/pages\/1552","targetHints":{"allow":["GET"]}}],"collection":[{"href":"https:\/\/www.imagetheatre.cz\/de\/wp-json\/wp\/v2\/pages"}],"about":[{"href":"https:\/\/www.imagetheatre.cz\/de\/wp-json\/wp\/v2\/types\/page"}],"author":[{"embeddable":true,"href":"https:\/\/www.imagetheatre.cz\/de\/wp-json\/wp\/v2\/users\/1"}],"replies":[{"embeddable":true,"href":"https:\/\/www.imagetheatre.cz\/de\/wp-json\/wp\/v2\/comments?post=1552"}],"version-history":[{"count":1,"href":"https:\/\/www.imagetheatre.cz\/de\/wp-json\/wp\/v2\/pages\/1552\/revisions"}],"predecessor-version":[{"id":1553,"href":"https:\/\/www.imagetheatre.cz\/de\/wp-json\/wp\/v2\/pages\/1552\/revisions\/1553"}],"up":[{"embeddable":true,"href":"https:\/\/www.imagetheatre.cz\/de\/wp-json\/wp\/v2\/pages\/1556"}],"wp:attachment":[{"href":"https:\/\/www.imagetheatre.cz\/de\/wp-json\/wp\/v2\/media?parent=1552"}],"curies":[{"name":"wp","href":"https:\/\/api.w.org\/{rel}","templated":true}]}}