{"id":1600,"date":"2025-03-28T17:03:19","date_gmt":"2025-03-28T17:03:19","guid":{"rendered":"https:\/\/work5image.monalba.cz\/ueber-das-theater\/das-prinzip-des-schwarzen-theaters\/"},"modified":"2025-05-15T14:45:13","modified_gmt":"2025-05-15T14:45:13","slug":"das-prinzip-des-schwarzen-theaters","status":"publish","type":"page","link":"https:\/\/www.imagetheatre.cz\/de\/ueber-das-theater\/das-prinzip-des-schwarzen-theaters\/","title":{"rendered":"Das Prinzip des schwarzen Theaters"},"content":{"rendered":"\t\t<div data-elementor-type=\"wp-page\" data-elementor-id=\"1600\" class=\"elementor elementor-1600 elementor-1271\" data-elementor-post-type=\"page\">\n\t\t\t\t<div class=\"elementor-element elementor-element-8267090 e-con-full e-flex e-con e-parent\" data-id=\"8267090\" data-element_type=\"container\" data-e-type=\"container\">\n\t\t<div class=\"elementor-element elementor-element-9688bd4 e-con-full animated-slow e-flex elementor-invisible e-con e-child\" data-id=\"9688bd4\" data-element_type=\"container\" data-e-type=\"container\" data-settings=\"{&quot;background_background&quot;:&quot;classic&quot;,&quot;animation&quot;:&quot;fadeIn&quot;}\">\n\t\t\t\t<\/div>\n\t\t\t\t<\/div>\n\t\t<div class=\"elementor-element elementor-element-19d45f6 e-flex e-con-boxed e-con e-parent\" data-id=\"19d45f6\" data-element_type=\"container\" data-e-type=\"container\">\n\t\t\t\t\t<div class=\"e-con-inner\">\n\t\t<div class=\"elementor-element elementor-element-947b316 e-con-full boxshadow e-flex e-con e-child\" data-id=\"947b316\" data-element_type=\"container\" data-e-type=\"container\" data-settings=\"{&quot;background_background&quot;:&quot;classic&quot;}\">\n\t\t<div class=\"elementor-element elementor-element-c9b0788 e-con-full e-flex e-con e-child\" data-id=\"c9b0788\" data-element_type=\"container\" data-e-type=\"container\">\n\t\t\t\t<div class=\"elementor-element elementor-element-bf70f1c elementor-invisible elementor-widget elementor-widget-heading\" data-id=\"bf70f1c\" data-element_type=\"widget\" data-e-type=\"widget\" data-settings=\"{&quot;_animation&quot;:&quot;fadeInDown&quot;}\" data-widget_type=\"heading.default\">\n\t\t\t\t<div class=\"elementor-widget-container\">\n\t\t\t\t\t<h1 class=\"elementor-heading-title elementor-size-default\">Das Prinzip des schwarzen Theaters<\/h1>\t\t\t\t<\/div>\n\t\t\t\t<\/div>\n\t\t\t\t<div class=\"elementor-element elementor-element-76bd2a0 elementor-widget elementor-widget-text-editor\" data-id=\"76bd2a0\" data-element_type=\"widget\" data-e-type=\"widget\" data-widget_type=\"text-editor.default\">\n\t\t\t\t<div class=\"elementor-widget-container\">\n\t\t\t\t\t\t\t\t\t<p>F\u00fcr die meisten Menschen blieb das Prinzip des schwarzen Theaters bis jetzt von einem geheimnisvollen Schleier umgeben. Nun ist die Zeit gekommen, diesen Schleier zu l\u00fcften. Ja, der Augenblick Ihrer Einweihung ist da. Aus der nachfolgenden Erl\u00e4uterung wird sich zeigen, dass das Prinzip des schwarzen Theaters \u00fcberraschend einfach ist. \u00dcbrigens, wie alles Geniale. Einsteins Formel \u00fcber die Gesetzm\u00e4\u00dfigkeit der Verbindung von Masse und Energie liegt dem schwarzen Theater zugrunde, zumindest f\u00fcr den ersten Denkansatz:     <\/p>\t\t\t\t\t\t\t\t<\/div>\n\t\t\t\t<\/div>\n\t\t\t\t<div class=\"elementor-element elementor-element-534ddb3 elementor-widget elementor-widget-image\" data-id=\"534ddb3\" data-element_type=\"widget\" data-e-type=\"widget\" data-widget_type=\"image.default\">\n\t\t\t\t<div class=\"elementor-widget-container\">\n\t\t\t\t\t\t\t\t\t\t\t\t\t\t\t<img fetchpriority=\"high\" decoding=\"async\" width=\"556\" height=\"238\" src=\"https:\/\/www.imagetheatre.cz\/wp-content\/uploads\/2025\/03\/Emc1.png\" class=\"attachment-full size-full wp-image-1269\" alt=\"\" srcset=\"https:\/\/www.imagetheatre.cz\/wp-content\/uploads\/2025\/03\/Emc1.png 556w, https:\/\/www.imagetheatre.cz\/wp-content\/uploads\/2025\/03\/Emc1-300x128.png 300w\" sizes=\"(max-width: 556px) 100vw, 556px\" \/>\t\t\t\t\t\t\t\t\t\t\t\t\t\t\t<\/div>\n\t\t\t\t<\/div>\n\t\t\t\t<div class=\"elementor-element elementor-element-55c5d2e elementor-widget elementor-widget-text-editor\" data-id=\"55c5d2e\" data-element_type=\"widget\" data-e-type=\"widget\" data-widget_type=\"text-editor.default\">\n\t\t\t\t<div class=\"elementor-widget-container\">\n\t\t\t\t\t\t\t\t\t<p>Da im schwarzen Theater mit Licht gearbeitet wird, muss an die PLANCKsche Theorie \u00fcber die Teilung der Lichtenergie im Spektrum des absolut schwarzen K\u00f6rpers erinnert werden. Gem\u00e4\u00df dieser Theorie breitet sich die Strahlungsenergie nicht stetig, sondern sprunghaft in genau definierten und weiter nicht teilbaren Mengen, in sogenannten Quanten. Die Gr\u00f6\u00dfe des Strahlungsquantums ( n ) ist proportional zur Frequenz ( v ) und ist durch die Beziehung:   <\/p>\t\t\t\t\t\t\t\t<\/div>\n\t\t\t\t<\/div>\n\t\t\t\t<div class=\"elementor-element elementor-element-2ec1ccc elementor-widget elementor-widget-image\" data-id=\"2ec1ccc\" data-element_type=\"widget\" data-e-type=\"widget\" data-widget_type=\"image.default\">\n\t\t\t\t<div class=\"elementor-widget-container\">\n\t\t\t\t\t\t\t\t\t\t\t\t\t\t\t<img fetchpriority=\"high\" decoding=\"async\" width=\"556\" height=\"238\" src=\"https:\/\/www.imagetheatre.cz\/wp-content\/uploads\/2025\/03\/Emc1.png\" class=\"attachment-full size-full wp-image-1269\" alt=\"\" srcset=\"https:\/\/www.imagetheatre.cz\/wp-content\/uploads\/2025\/03\/Emc1.png 556w, https:\/\/www.imagetheatre.cz\/wp-content\/uploads\/2025\/03\/Emc1-300x128.png 300w\" sizes=\"(max-width: 556px) 100vw, 556px\" \/>\t\t\t\t\t\t\t\t\t\t\t\t\t\t\t<\/div>\n\t\t\t\t<\/div>\n\t\t\t\t<div class=\"elementor-element elementor-element-945cb96 elementor-widget elementor-widget-text-editor\" data-id=\"945cb96\" data-element_type=\"widget\" data-e-type=\"widget\" data-widget_type=\"text-editor.default\">\n\t\t\t\t<div class=\"elementor-widget-container\">\n\t\t\t\t\t\t\t\t\t<p>Gegeben ( n ) , wobei das PLANCKsche Wirkungsquantum mit dem Wert von 6.626*10-34 joule*second ist. Aus diesen physikalischen Gesetzm\u00e4\u00dfigkeiten k\u00f6nnen wir nun die Applikationen f\u00fcr die Effekte des schwarzen Theaters ableiten. Wie schon erw\u00e4hnt, h\u00e4ngen Masse und Strahlungsenergie miteinander zusammen. Das Ergebnis davon sind Erscheinungen wie Brechung, Beugung und Polarisation des Lichtes. Ein anderes Ph\u00e4nomen ist die Absorption von Energie. Die absorbierte Energie kann sich in W\u00e4rme- oder Lichtenergie bzw. elektrische Energie verwandeln, wenn es zu einer fotoelektrischen Erscheinung kommt. Wenn wir einen farbigen oder schwarzen K\u00f6rper mit Licht der Frequenz 0 anstrahlen, findet eine Energie\u00fcbertragung auf der molekularen Ebene statt und in Quantenspr\u00fcngen werden h\u00f6here Vibrations- und Rotationszust\u00e4nde der Molek\u00fcle erzwungen.      <\/p><p>Die Energie (deltaE), die man dazu ben\u00f6tigt, wird dem Lichtquantum entnommen, so dass der Zuschauer nichts sieht. Diese Erscheinung kann mathematisch wie folgt beschrieben werden: <\/p>\t\t\t\t\t\t\t\t<\/div>\n\t\t\t\t<\/div>\n\t\t\t\t<div class=\"elementor-element elementor-element-8a9c456 elementor-widget elementor-widget-image\" data-id=\"8a9c456\" data-element_type=\"widget\" data-e-type=\"widget\" data-widget_type=\"image.default\">\n\t\t\t\t<div class=\"elementor-widget-container\">\n\t\t\t\t\t\t\t\t\t\t\t\t\t\t\t<img decoding=\"async\" width=\"187\" height=\"26\" src=\"https:\/\/www.imagetheatre.cz\/wp-content\/uploads\/2025\/03\/vzorec-vta.gif\" class=\"attachment-full size-full wp-image-1275\" alt=\"\" \/>\t\t\t\t\t\t\t\t\t\t\t\t\t\t\t<\/div>\n\t\t\t\t<\/div>\n\t\t\t\t<div class=\"elementor-element elementor-element-0bbe1fc elementor-widget elementor-widget-text-editor\" data-id=\"0bbe1fc\" data-element_type=\"widget\" data-e-type=\"widget\" data-widget_type=\"text-editor.default\">\n\t\t\t\t<div class=\"elementor-widget-container\">\n\t\t\t\t\t\t\t\t\t<p>Daraus ergibt ( v=v0 ) und dadurch entsteht das schwarze Theater. Die Menge der absorbierten Energie auf der B\u00fchne nimmt nat\u00fcrlich stark zu, es ist daher erforderlich, diese durch ein Sondersystem (Back Line) in die elektrische Zentrale abzuf\u00fchren, wo sie zur Leistungsverst\u00e4rkung der Beleuchtungsapparatur sowie der Klimaanlage dient. Das Diagramm zeigt, wie bei der Energie\u00fcbertragung eines Valenzelektrons auf eine andere Quantenebene einzelne Spektrumlinien entstehen. Die gesehenen Farben stellen f\u00fcr den Zuschauer selbstverst\u00e4ndlich ein angenehmes Erlebnis dar, da er feststellt, dass er letztendlich doch etwas sieht.   <\/p>\t\t\t\t\t\t\t\t<\/div>\n\t\t\t\t<\/div>\n\t\t\t\t<div class=\"elementor-element elementor-element-951a9d4 elementor-widget elementor-widget-image\" data-id=\"951a9d4\" data-element_type=\"widget\" data-e-type=\"widget\" data-widget_type=\"image.default\">\n\t\t\t\t<div class=\"elementor-widget-container\">\n\t\t\t\t\t\t\t\t\t\t\t\t\t\t\t<img decoding=\"async\" width=\"1600\" height=\"649\" src=\"https:\/\/www.imagetheatre.cz\/wp-content\/uploads\/2025\/03\/GRAF_C.png\" class=\"attachment-full size-full wp-image-1261\" alt=\"\" srcset=\"https:\/\/www.imagetheatre.cz\/wp-content\/uploads\/2025\/03\/GRAF_C.png 1600w, https:\/\/www.imagetheatre.cz\/wp-content\/uploads\/2025\/03\/GRAF_C-300x122.png 300w, https:\/\/www.imagetheatre.cz\/wp-content\/uploads\/2025\/03\/GRAF_C-1024x415.png 1024w, https:\/\/www.imagetheatre.cz\/wp-content\/uploads\/2025\/03\/GRAF_C-768x312.png 768w, https:\/\/www.imagetheatre.cz\/wp-content\/uploads\/2025\/03\/GRAF_C-1536x623.png 1536w\" sizes=\"(max-width: 1600px) 100vw, 1600px\" \/>\t\t\t\t\t\t\t\t\t\t\t\t\t\t\t<\/div>\n\t\t\t\t<\/div>\n\t\t\t\t<div class=\"elementor-element elementor-element-4038958 elementor-widget elementor-widget-text-editor\" data-id=\"4038958\" data-element_type=\"widget\" data-e-type=\"widget\" data-widget_type=\"text-editor.default\">\n\t\t\t\t<div class=\"elementor-widget-container\">\n\t\t\t\t\t\t\t\t\t<p>Zum Abschluss sei anzumerken, dass das beschriebene Prinzip des schwarzen Theaters hier nur grob theoretisch erl\u00e4utert wurde. Wir machen darauf aufmerksam, dass die Anwendung dieser Theorie in der Praxis noch lange nicht bedeuten muss, dass das schwarze Theater auch wirklich gelingt. Der Faktor Mensch kann bekanntlich viele Theorien umwandeln.  <\/p>\t\t\t\t\t\t\t\t<\/div>\n\t\t\t\t<\/div>\n\t\t\t\t<\/div>\n\t\t\t\t<\/div>\n\t\t\t\t\t<\/div>\n\t\t\t\t<\/div>\n\t\t<div class=\"elementor-element elementor-element-1455b37 e-flex e-con-boxed e-con e-parent\" data-id=\"1455b37\" data-element_type=\"container\" data-e-type=\"container\">\n\t\t\t\t\t<div class=\"e-con-inner\">\n\t\t\t\t<div class=\"elementor-element elementor-element-1b24665 elementor-widget elementor-widget-shortcode\" data-id=\"1b24665\" data-element_type=\"widget\" data-e-type=\"widget\" data-widget_type=\"shortcode.default\">\n\t\t\t\t<div class=\"elementor-widget-container\">\n\t\t\t\t\t\t\t<div class=\"elementor-shortcode\"><div class=\"navigace-stranek\" style=\"display:flex; justify-content:space-between; margin-top:0;\"><a href=\"https:\/\/www.imagetheatre.cz\/de\/ueber-das-theater\/gesellschaftliche-veranstaltungen\/\" class=\"prev-link\"><svg aria-hidden=\"true\" class=\"e-font-icon-svg e-fas-chevron-left\" viewBox=\"0 0 320 512\" width=\"16\" height=\"16\" fill=\"currentColor\" xmlns=\"http:\/\/www.w3.org\/2000\/svg\"><path d=\"M34.476 239.03L228.82 44.686c9.373-9.373 24.569-9.373 33.941 0l22.667 22.667c9.357 9.357 9.375 24.522 .04 33.901L131.495 256l154.021 154.745c9.335 9.379 9.317 24.544-.04 33.901l-22.667 22.667c-9.373 9.373-24.569 9.373-33.941 0L34.475 272.971c-9.373-9.373-9.373-24.569-.001-33.941z\"><\/path><\/svg><span  class=\"prevnextpage\">Gesellschaftliche Veranstaltungen<\/span><\/a><a href=\"https:\/\/www.imagetheatre.cz\/de\/ueber-das-theater\/hinweise-fuer-das-publikum\/\" class=\"next-link\"><span class=\"prevnextpage\">Hinweise f\u00fcr das Publikum<\/span><svg aria-hidden=\"true\" class=\"e-font-icon-svg e-fas-chevron-right\" viewBox=\"0 0 320 512\" width=\"16\" height=\"16\" fill=\"currentColor\" xmlns=\"http:\/\/www.w3.org\/2000\/svg\"><path d=\"M285.476 272.971L91.132 467.314c-9.373 9.373-24.569 9.373-33.941 0l-22.667-22.667c-9.357-9.357-9.375-24.522-.04-33.901L188.505 256 34.484 101.255c-9.335-9.379-9.317-24.544.04-33.901l22.667-22.667c9.373-9.373 24.569-9.373 33.941 0L285.475 239.03c9.373 9.372 9.373 24.568.001 33.941z\"><\/path><\/svg><\/a><\/div><\/div>\n\t\t\t\t\t\t<\/div>\n\t\t\t\t<\/div>\n\t\t\t\t\t<\/div>\n\t\t\t\t<\/div>\n\t\t\t\t<\/div>\n\t\t","protected":false},"excerpt":{"rendered":"<p>Das Prinzip des schwarzen Theaters F\u00fcr die meisten Menschen blieb das Prinzip des schwarzen Theaters bis jetzt von einem geheimnisvollen Schleier umgeben. Nun ist die Zeit gekommen, diesen Schleier zu l\u00fcften. Ja, der Augenblick Ihrer Einweihung ist da. Aus der nachfolgenden Erl\u00e4uterung wird sich zeigen, dass das Prinzip des schwarzen Theaters \u00fcberraschend einfach ist. \u00dcbrigens, [&hellip;]<\/p>\n","protected":false},"author":1,"featured_media":0,"parent":1556,"menu_order":50,"comment_status":"closed","ping_status":"closed","template":"","meta":{"_acf_changed":false,"footnotes":""},"class_list":["post-1600","page","type-page","status-publish","hentry"],"acf":[],"_links":{"self":[{"href":"https:\/\/www.imagetheatre.cz\/de\/wp-json\/wp\/v2\/pages\/1600","targetHints":{"allow":["GET"]}}],"collection":[{"href":"https:\/\/www.imagetheatre.cz\/de\/wp-json\/wp\/v2\/pages"}],"about":[{"href":"https:\/\/www.imagetheatre.cz\/de\/wp-json\/wp\/v2\/types\/page"}],"author":[{"embeddable":true,"href":"https:\/\/www.imagetheatre.cz\/de\/wp-json\/wp\/v2\/users\/1"}],"replies":[{"embeddable":true,"href":"https:\/\/www.imagetheatre.cz\/de\/wp-json\/wp\/v2\/comments?post=1600"}],"version-history":[{"count":1,"href":"https:\/\/www.imagetheatre.cz\/de\/wp-json\/wp\/v2\/pages\/1600\/revisions"}],"predecessor-version":[{"id":1601,"href":"https:\/\/www.imagetheatre.cz\/de\/wp-json\/wp\/v2\/pages\/1600\/revisions\/1601"}],"up":[{"embeddable":true,"href":"https:\/\/www.imagetheatre.cz\/de\/wp-json\/wp\/v2\/pages\/1556"}],"wp:attachment":[{"href":"https:\/\/www.imagetheatre.cz\/de\/wp-json\/wp\/v2\/media?parent=1600"}],"curies":[{"name":"wp","href":"https:\/\/api.w.org\/{rel}","templated":true}]}}