{"id":1588,"date":"2025-03-28T16:48:46","date_gmt":"2025-03-28T16:48:46","guid":{"rendered":"https:\/\/work5image.monalba.cz\/about\/events-and-special-projects\/"},"modified":"2025-05-15T14:13:33","modified_gmt":"2025-05-15T14:13:33","slug":"events-and-special-projects","status":"publish","type":"page","link":"https:\/\/www.imagetheatre.cz\/en\/about\/events-and-special-projects\/","title":{"rendered":"Events and special projects"},"content":{"rendered":"\t\t<div data-elementor-type=\"wp-page\" data-elementor-id=\"1588\" class=\"elementor elementor-1588 elementor-1240\" data-elementor-post-type=\"page\">\n\t\t\t\t<div class=\"elementor-element elementor-element-5784376 e-con-full e-flex e-con e-parent\" data-id=\"5784376\" data-element_type=\"container\" data-e-type=\"container\">\n\t\t<div class=\"elementor-element elementor-element-95f25eb e-con-full animated-slow e-flex elementor-invisible e-con e-child\" data-id=\"95f25eb\" data-element_type=\"container\" data-e-type=\"container\" data-settings=\"{&quot;background_background&quot;:&quot;classic&quot;,&quot;animation&quot;:&quot;fadeIn&quot;}\">\n\t\t\t\t<\/div>\n\t\t\t\t<\/div>\n\t\t<div class=\"elementor-element elementor-element-5429527 e-flex e-con-boxed e-con e-parent\" data-id=\"5429527\" data-element_type=\"container\" data-e-type=\"container\">\n\t\t\t\t\t<div class=\"e-con-inner\">\n\t\t<div class=\"elementor-element elementor-element-1e0b956 e-con-full boxshadow e-flex e-con e-child\" data-id=\"1e0b956\" data-element_type=\"container\" data-e-type=\"container\" data-settings=\"{&quot;background_background&quot;:&quot;classic&quot;}\">\n\t\t<div class=\"elementor-element elementor-element-b09a7bf e-con-full e-flex e-con e-child\" data-id=\"b09a7bf\" data-element_type=\"container\" data-e-type=\"container\">\n\t\t\t\t<div class=\"elementor-element elementor-element-199c716 elementor-invisible elementor-widget elementor-widget-heading\" data-id=\"199c716\" data-element_type=\"widget\" data-e-type=\"widget\" data-settings=\"{&quot;_animation&quot;:&quot;fadeInDown&quot;}\" data-widget_type=\"heading.default\">\n\t\t\t\t<div class=\"elementor-widget-container\">\n\t\t\t\t\t<h1 class=\"elementor-heading-title elementor-size-default\">Events and special projects<\/h1>\t\t\t\t<\/div>\n\t\t\t\t<\/div>\n\t\t\t\t<div class=\"elementor-element elementor-element-c2a046d elementor-widget elementor-widget-text-editor\" data-id=\"c2a046d\" data-element_type=\"widget\" data-e-type=\"widget\" data-widget_type=\"text-editor.default\">\n\t\t\t\t<div class=\"elementor-widget-container\">\n\t\t\t\t\t\t\t\t\t<p><span style=\"font-weight: 400;\">In addition to the day-to-day performances on the Prague scene, the IMAGE Theatre is invited to take part in variety of social and cultural events. Please contact us if you are interested in cooperation with IMAGE Theatre. <\/span><span style=\"font-weight: 400;\">Contact us if you are interested in cooperation with IMAGE Theatre.<\/span><\/p>\t\t\t\t\t\t\t\t<\/div>\n\t\t\t\t<\/div>\n\t\t\t\t<div class=\"elementor-element elementor-element-7be3c81 elementor-widget elementor-widget-text-editor\" data-id=\"7be3c81\" data-element_type=\"widget\" data-e-type=\"widget\" data-widget_type=\"text-editor.default\">\n\t\t\t\t<div class=\"elementor-widget-container\">\n\t\t\t\t\t\t\t\t\t<p>2019 &#8211; Prague, Frankenland (November 3)<br>2019 &#8211; Prague, Firo Tour (February 21)<br>2019 &#8211; Prague, Aviator of the Year (February 14)<br>2019 &#8211; Prague, JIVI (February 4)<br>2018 &#8211; Prague, Years of OMEP, Prague (June 26)<br>2018 &#8211; Prague, OberBank, Prague (May 22)<br>2017 &#8211; Prague, GNO Event, Prague (March 27)<br>2017 &#8211; Russia, Moscow, Private celebration of the member of Russian government (January 14)<br>2016 &#8211; Prague, Biomedical Congress, Congress Centre Prague (September 29)<br>2016 &#8211; Prague, EGS Congress, Palace \u017dof\u00edn (June 20)<br>2016 &#8211; Prague, Gala dinner, Obecn\u00ed d\u016fm (June 14)<br>2015 &#8211; \u017d\u010f\u00e1r n.S\u00e1zavou, 20th anniversary of the company DELL a.s. (November 19)<br>2015 &#8211; Prague, Gynecological Congress , Congress Centre Prague, (October 21)<br>2015 &#8211; Prague, Congress EAPC, Congress Centre Prague (May 20)<br>2014 &#8211; Prague, Hotel Hilton, Daidalos (August 28)<br>2014 &#8211; Prague, EuroMadi, Palace \u017dof\u00edn (May 28)<br>2014 &#8211; Germany, Berlin Potsdam, IBM Versicherungskongress, Schinkelhalle, (May 8)<br>2013 &#8211; Belgium, Lint, Gala Event, Eurocam Media Center, (September 16)<br>2013 &#8211; Prague, Congress of EAPC, Congress Centre Prague (May 30)<br>2013 &#8211; Germany, Mannheim Gala Dinner Show for Deutscher Fondspreis in Rosengarten (January 30)<br>2012 &#8211; Germany, Berlin Gala Dinner Show for AVM Computersysteme GmbH (December 7)<br>2012 &#8211; Belgium, Brussels Gala Dinner Show for Philips (March 3)<br>2012 &#8211; Prague, Gala Show for WAN-IFRA GmbH &amp; Co. KG, Hotel Andels,(March 1)<br>2012 &#8211; Germany, Frankfurt am Main, Gala Dinner Show for Henry Schein, Old Opera Frankfurt am ain (February 1)<br>2012 &#8211; Prague, Gala Dinner Show for Sigma Aldrich, Palace \u017dof\u00edn (January 10)<br>2011 &#8211; Prague, Golden Prague Events, Hotel Hilton (November 25)<br>2011 &#8211; Prague, ERA EDTA Congress, CongressCentre Prague (June 23)<br>2011 &#8211; Prague, International Rapessed Congress, CongressCentre Prague,(June 6)<br>2011 &#8211; Prague, Gala Dinner Show for MAPFRE,Palace \u017dof\u00edn (May 7)<br>2011 &#8211; Turkey, Istanbul &#8211; TV shooting of commercial (April 4-8)<br>2011 &#8211; Prague, Gala Show in Aqua Park \u010cestlice (March 10)<br>2010 &#8211; Germany, Hamburg, 110 years of Helm AG, Gala evening, (November 13)<br>2010 &#8211; Prague, Congress of ISUOG, Congress Centre Prague (October 10)<br>2010 &#8211; Poland, Lod\u017e, Nobell Congressing, (October 1)<br>2010 &#8211; India, Mumbai, Hotel Taj Mahal, Gala show for RBS \u2013 Royale Bank of Scotland (June 9)<br>2010 &#8211; Prague, awards of The Best European Printers, Municipal House (May 29)<br>2009 &#8211; Prague, Gala show for Mercedes, Hotel Clarion, (March 28)<br>2009 &#8211; Prague, Gala show for KB \u2013 Commercial Bank, Prague (January 23)<br>2008 &#8211; Turkmenistan, Gala evening for Olympic Complex, Ashgabad (October 10)<br>2008 &#8211; Russia, Advertising Eaters Night, MTL Arena, Samara (May 30)<br>2008 &#8211; Portugal, Gala Show, Museu da Electricidada Lisbon (May 15)<br>2008 &#8211; India, Gala show for Mittal Steel Company, Hotel Taj Mahal, Mumbai (February 17)<br>2008 &#8211; Korea, Gala show in Department store, Seoul (January 16)<br>2007 &#8211; Brno, Czech Republic, Gala Dinner for Auto Bayer, Theatre Semilasso (November 19)<br>2007 &#8211; Prague, Gala Dinner for Motorola, Monastery Ane\u017esk\u00fd kl\u00e1\u0161ter (November 6)<br>2007 &#8211; Prague, Gala Show, McDonald\u00b4s, Prague, Hotel Marriott (November 5)<br>2007 &#8211; Prague, Gala Show, Prague, Rudolfinum (October)<br>2007 &#8211; Hungary, Gala Dinner, OMV, Balatonalm\u00e1di (October)<br>2007 &#8211; Prague, Gala Dinner, Bobcat corp., Palace \u017dof\u00edn, Prague (September)<br>2007 &#8211; Hungary, 10 Years anniversary of Erste Bank, Budapest (September)<br>2007 &#8211; Latvia, Gala Dinner, Philip Moriss, Riga (August)<br>2007 &#8211; Prague, Gala Dinner Show, Palace \u017dof\u00edn (June)<br>2007 &#8211; Prague, Galashow IQPC, Congress Hall Hotel Hilton &#8211; Prague (May)<br>2007 &#8211; Prague, Anniversary Galashow for Schneider Electric, Industry Palace Prague (January)<br>2006 &#8211; Prague,Galashow for Reliance Petroleum, Indian company, National house Sm\u00edchov, Prague<br>2006 &#8211; Great Britain, Galashow for Mittal Steel Company, Billingsgate hall, London (September)<br>2006 &#8211; Prague, Congres IMCS, Congress Centre Prague (August)<br>2006 &#8211; Prague, Congres ESHRE, Congress Centre Prague (June)<br>2006 &#8211; Prague, Galashow for Mittal Steel Company, Hotel Four Season Prague (May)<br>2005 &#8211; Prague, Foudation of Tereza Maxov\u00e1, benefit performance, Prague (November)<br>2005 &#8211; Hungary, HVB Bank Hungary, Opera Budapest (November)<br>2005 &#8211; Hungary, Vodafone, Budapest, Hungexpo &#8220;B&#8221; pavilion<br>2005 &#8211; Prague, Congress EMBT, Congress Centre, Prague (November)<br>2005 &#8211; Prague, EURO PD, Congress Centre Prague (October)<br>2004 &#8211; Hungary, Pannon GSM, Budapest, Millen\u00e1ris Park &#8220;D&#8221; pavilion<br>2004 &#8211; Hungary, Erste Bank Gala, Budapest, Hungexpo &#8220;B&#8221; pavilion<br>2004 &#8211; Prague, Aqua Term Exhibition \u2013 Congress Centre Prague<br>2004 &#8211; Prague, Congress of DIA, Congress Centre, Prague<br>2004 &#8211; Prague, Symposium ECCMID, Congress Centre, Prague<br>2003 &#8211; Germany, Aquatic Park, Opening of the park, Berlin, Germany<br>2003 &#8211; Slovakia, NATO Exposition of military equipment, Nitra (October)<br>2003 &#8211; Turkey, Microsoft Show \u2013 Antalya, Hotel Kremlin (June)<br>2003 &#8211; Prague, Congress of ETUC, Congress Centre Prague<br>2002 &#8211; Hungary, Gala for Hungarian Bank \u2013 Tihany (September)<br>2002 &#8211; Hungary, \u00c1B-AEGON Insurance Co., Budapest<br>2002 &#8211; Turkey, IS Bank Sanat, Istanbul Hall (January)<br>2002 &#8211; Hungary, Nokia Galashow \u2013 Budapest<br>2002 &#8211; Prague, Global Refund, fashion show<br>2001 &#8211; Prague, Johnson &amp; Johnson, Meeting of V.I.P. \u2013 Film studios Barrandov, Prague<br>2000 &#8211; Prague, Medical Congress, Congress Centre Prague<br>1999 &#8211; Prague, Motorola \u2013 Congress Centre, Prague<br>1998 &#8211; Greece, Lukia Fashion, fashion show, Athens<br>1997 &#8211; Prague, Volkswagen Galashow \u2013 Film studios Barrandov<br>1997 &#8211; Prague, \u0160koda Auto \u2013 presentation of new model Octavia, \u017dof\u00edn<br>1996 &#8211; Prague, Chibo Caf\u00e9, Hotel Hilton<br>1996 &#8211; Germany, 75 Anniversary of Bayernwerk AG &#8211; Olympiahalle Muenchen, Germany<\/p>\t\t\t\t\t\t\t\t<\/div>\n\t\t\t\t<\/div>\n\t\t\t\t<\/div>\n\t\t\t\t<\/div>\n\t\t\t\t\t<\/div>\n\t\t\t\t<\/div>\n\t\t<div class=\"elementor-element elementor-element-a1933cc e-flex e-con-boxed e-con e-parent\" data-id=\"a1933cc\" data-element_type=\"container\" data-e-type=\"container\">\n\t\t\t\t\t<div class=\"e-con-inner\">\n\t\t\t\t<div class=\"elementor-element elementor-element-be2bd79 elementor-widget elementor-widget-shortcode\" data-id=\"be2bd79\" data-element_type=\"widget\" data-e-type=\"widget\" data-widget_type=\"shortcode.default\">\n\t\t\t\t<div class=\"elementor-widget-container\">\n\t\t\t\t\t\t\t<div class=\"elementor-shortcode\"><div class=\"navigace-stranek\" style=\"display:flex; justify-content:space-between; margin-top:0;\"><a href=\"https:\/\/www.imagetheatre.cz\/en\/about\/tours-and-festivals\/\" class=\"prev-link\"><svg aria-hidden=\"true\" class=\"e-font-icon-svg e-fas-chevron-left\" viewBox=\"0 0 320 512\" width=\"16\" height=\"16\" fill=\"currentColor\" xmlns=\"http:\/\/www.w3.org\/2000\/svg\"><path d=\"M34.476 239.03L228.82 44.686c9.373-9.373 24.569-9.373 33.941 0l22.667 22.667c9.357 9.357 9.375 24.522 .04 33.901L131.495 256l154.021 154.745c9.335 9.379 9.317 24.544-.04 33.901l-22.667 22.667c-9.373 9.373-24.569 9.373-33.941 0L34.475 272.971c-9.373-9.373-9.373-24.569-.001-33.941z\"><\/path><\/svg><span  class=\"prevnextpage\">Tours and Festivals<\/span><\/a><a href=\"https:\/\/www.imagetheatre.cz\/en\/about\/principles-of-black-theatre\/\" class=\"next-link\"><span class=\"prevnextpage\">Principles of black theatre<\/span><svg aria-hidden=\"true\" class=\"e-font-icon-svg e-fas-chevron-right\" viewBox=\"0 0 320 512\" width=\"16\" height=\"16\" fill=\"currentColor\" xmlns=\"http:\/\/www.w3.org\/2000\/svg\"><path d=\"M285.476 272.971L91.132 467.314c-9.373 9.373-24.569 9.373-33.941 0l-22.667-22.667c-9.357-9.357-9.375-24.522-.04-33.901L188.505 256 34.484 101.255c-9.335-9.379-9.317-24.544.04-33.901l22.667-22.667c9.373-9.373 24.569-9.373 33.941 0L285.475 239.03c9.373 9.372 9.373 24.568.001 33.941z\"><\/path><\/svg><\/a><\/div><\/div>\n\t\t\t\t\t\t<\/div>\n\t\t\t\t<\/div>\n\t\t\t\t\t<\/div>\n\t\t\t\t<\/div>\n\t\t\t\t<\/div>\n\t\t","protected":false},"excerpt":{"rendered":"<p>Events and special projects In addition to the day-to-day performances on the Prague scene, the IMAGE Theatre is invited to take part in variety of social and cultural events. Please contact us if you are interested in cooperation with IMAGE Theatre. Contact us if you are interested in cooperation with IMAGE Theatre. 2019 &#8211; Prague, [&hellip;]<\/p>\n","protected":false},"author":1,"featured_media":0,"parent":1540,"menu_order":40,"comment_status":"closed","ping_status":"closed","template":"","meta":{"_acf_changed":false,"footnotes":""},"class_list":["post-1588","page","type-page","status-publish","hentry"],"acf":[],"_links":{"self":[{"href":"https:\/\/www.imagetheatre.cz\/en\/wp-json\/wp\/v2\/pages\/1588","targetHints":{"allow":["GET"]}}],"collection":[{"href":"https:\/\/www.imagetheatre.cz\/en\/wp-json\/wp\/v2\/pages"}],"about":[{"href":"https:\/\/www.imagetheatre.cz\/en\/wp-json\/wp\/v2\/types\/page"}],"author":[{"embeddable":true,"href":"https:\/\/www.imagetheatre.cz\/en\/wp-json\/wp\/v2\/users\/1"}],"replies":[{"embeddable":true,"href":"https:\/\/www.imagetheatre.cz\/en\/wp-json\/wp\/v2\/comments?post=1588"}],"version-history":[{"count":2,"href":"https:\/\/www.imagetheatre.cz\/en\/wp-json\/wp\/v2\/pages\/1588\/revisions"}],"predecessor-version":[{"id":1593,"href":"https:\/\/www.imagetheatre.cz\/en\/wp-json\/wp\/v2\/pages\/1588\/revisions\/1593"}],"up":[{"embeddable":true,"href":"https:\/\/www.imagetheatre.cz\/en\/wp-json\/wp\/v2\/pages\/1540"}],"wp:attachment":[{"href":"https:\/\/www.imagetheatre.cz\/en\/wp-json\/wp\/v2\/media?parent=1588"}],"curies":[{"name":"wp","href":"https:\/\/api.w.org\/{rel}","templated":true}]}}