{"id":1611,"date":"2025-03-28T17:15:13","date_gmt":"2025-03-28T17:15:13","guid":{"rendered":"https:\/\/work5image.monalba.cz\/sobre-el-teatro\/instrucciones-para-el-publico\/"},"modified":"2025-05-15T14:58:56","modified_gmt":"2025-05-15T14:58:56","slug":"instrucciones-para-el-publico","status":"publish","type":"page","link":"https:\/\/www.imagetheatre.cz\/es\/sobre-el-teatro\/instrucciones-para-el-publico\/","title":{"rendered":"Instrucciones para el p\u00fablico"},"content":{"rendered":"\t\t<div data-elementor-type=\"wp-page\" data-elementor-id=\"1611\" class=\"elementor elementor-1611 elementor-1291\" data-elementor-post-type=\"page\">\n\t\t\t\t<div class=\"elementor-element elementor-element-8b57879 e-con-full e-flex e-con e-parent\" data-id=\"8b57879\" data-element_type=\"container\" data-e-type=\"container\">\n\t\t<div class=\"elementor-element elementor-element-a426c8d e-con-full animated-slow e-flex elementor-invisible e-con e-child\" data-id=\"a426c8d\" data-element_type=\"container\" data-e-type=\"container\" data-settings=\"{&quot;background_background&quot;:&quot;classic&quot;,&quot;animation&quot;:&quot;fadeIn&quot;}\">\n\t\t\t\t<\/div>\n\t\t\t\t<\/div>\n\t\t<div class=\"elementor-element elementor-element-a90effa e-flex e-con-boxed e-con e-parent\" data-id=\"a90effa\" data-element_type=\"container\" data-e-type=\"container\">\n\t\t\t\t\t<div class=\"e-con-inner\">\n\t\t<div class=\"elementor-element elementor-element-b832c79 e-con-full boxshadow e-flex e-con e-child\" data-id=\"b832c79\" data-element_type=\"container\" data-e-type=\"container\" data-settings=\"{&quot;background_background&quot;:&quot;classic&quot;}\">\n\t\t<div class=\"elementor-element elementor-element-cdf843b e-con-full e-flex e-con e-child\" data-id=\"cdf843b\" data-element_type=\"container\" data-e-type=\"container\">\n\t\t\t\t<div class=\"elementor-element elementor-element-afa41bb elementor-invisible elementor-widget elementor-widget-heading\" data-id=\"afa41bb\" data-element_type=\"widget\" data-e-type=\"widget\" data-settings=\"{&quot;_animation&quot;:&quot;fadeInDown&quot;}\" data-widget_type=\"heading.default\">\n\t\t\t\t<div class=\"elementor-widget-container\">\n\t\t\t\t\t<h1 class=\"elementor-heading-title elementor-size-default\">Instrucciones para el p\u00fablico<\/h1>\t\t\t\t<\/div>\n\t\t\t\t<\/div>\n\t\t\t\t<div class=\"elementor-element elementor-element-74a77e2 elementor-widget elementor-widget-text-editor\" data-id=\"74a77e2\" data-element_type=\"widget\" data-e-type=\"widget\" data-widget_type=\"text-editor.default\">\n\t\t\t\t<div class=\"elementor-widget-container\">\n\t\t\t\t\t\t\t\t\t<p>Recomendamos que veng\u00e1is a la sala preparados para el teatro.<\/p><p>Advertimos que el espect\u00e1culo ser\u00e1 interpretado por actores vivos, es decir, con todos los riesgos que eso conlleva. <\/p><p>Pod\u00e9is recurrir a nuestras acomodadoras si no os decid\u00eds d\u00f3nde quer\u00e9is sentaros.<\/p><p>Rogamos, no dispar\u00e9is a los actores y bailarines, hacen todo lo que pueden.<\/p><p>Durante la funci\u00f3n no se servir\u00e1 comida, por lo que ser\u00e1 mejor si com\u00e9is antes o despu\u00e9s.<\/p><p>Para expresar que os gusta cualquier hecho en la sala, aplaudid. No tenemos nada en contra. <\/p><p>El aplauso procede del golpe de la palma derecha contra la izquierda. En los zurdos viceversa. Hacedlo con mucha fuerza. El sonido resultante los actores lo perciben como agradable.   <\/p><p>La sala no est\u00e1 acondicionada para que las personas trasnochen en ella.<\/p><p>Si quer\u00e9is ver tambi\u00e9n la siguiente funci\u00f3n, desalojad la sala al final y poneos en contacto con nuestra taquilla.<\/p><p>El bar est\u00e1 abierto tambi\u00e9n despu\u00e9s de la funci\u00f3n. Pod\u00e9is reflexionar sobre lo que acab\u00e1is de ver. <\/p><p>Durante la presentaci\u00f3n, no use el tel\u00e9fono m\u00f3vil y no grabe ning\u00fan audio ni v\u00eddeo.<\/p><p>Pasadlo bien.<\/p>\t\t\t\t\t\t\t\t<\/div>\n\t\t\t\t<\/div>\n\t\t\t\t<\/div>\n\t\t\t\t<\/div>\n\t\t\t\t\t<\/div>\n\t\t\t\t<\/div>\n\t\t<div class=\"elementor-element elementor-element-4958b6a e-flex e-con-boxed e-con e-parent\" data-id=\"4958b6a\" data-element_type=\"container\" data-e-type=\"container\">\n\t\t\t\t\t<div class=\"e-con-inner\">\n\t\t\t\t<div class=\"elementor-element elementor-element-9d284d9 elementor-widget elementor-widget-shortcode\" data-id=\"9d284d9\" data-element_type=\"widget\" data-e-type=\"widget\" data-widget_type=\"shortcode.default\">\n\t\t\t\t<div class=\"elementor-widget-container\">\n\t\t\t\t\t\t\t<div class=\"elementor-shortcode\"><div class=\"navigace-stranek\" style=\"display:flex; justify-content:space-between; margin-top:0;\"><a href=\"https:\/\/www.imagetheatre.cz\/es\/sobre-el-teatro\/principios-del-teatro-negro\/\" class=\"prev-link\"><svg aria-hidden=\"true\" class=\"e-font-icon-svg e-fas-chevron-left\" viewBox=\"0 0 320 512\" width=\"16\" height=\"16\" fill=\"currentColor\" xmlns=\"http:\/\/www.w3.org\/2000\/svg\"><path d=\"M34.476 239.03L228.82 44.686c9.373-9.373 24.569-9.373 33.941 0l22.667 22.667c9.357 9.357 9.375 24.522 .04 33.901L131.495 256l154.021 154.745c9.335 9.379 9.317 24.544-.04 33.901l-22.667 22.667c-9.373 9.373-24.569 9.373-33.941 0L34.475 272.971c-9.373-9.373-9.373-24.569-.001-33.941z\"><\/path><\/svg><span  class=\"prevnextpage\">Principios del teatro negro<\/span><\/a><\/div><\/div>\n\t\t\t\t\t\t<\/div>\n\t\t\t\t<\/div>\n\t\t\t\t\t<\/div>\n\t\t\t\t<\/div>\n\t\t\t\t<\/div>\n\t\t","protected":false},"excerpt":{"rendered":"<p>Instrucciones para el p\u00fablico Recomendamos que veng\u00e1is a la sala preparados para el teatro. Advertimos que el espect\u00e1culo ser\u00e1 interpretado por actores vivos, es decir, con todos los riesgos que eso conlleva. Pod\u00e9is recurrir a nuestras acomodadoras si no os decid\u00eds d\u00f3nde quer\u00e9is sentaros. Rogamos, no dispar\u00e9is a los actores y bailarines, hacen todo lo [&hellip;]<\/p>\n","protected":false},"author":1,"featured_media":0,"parent":1558,"menu_order":60,"comment_status":"closed","ping_status":"closed","template":"","meta":{"_acf_changed":false,"footnotes":""},"class_list":["post-1611","page","type-page","status-publish","hentry"],"acf":[],"_links":{"self":[{"href":"https:\/\/www.imagetheatre.cz\/es\/wp-json\/wp\/v2\/pages\/1611","targetHints":{"allow":["GET"]}}],"collection":[{"href":"https:\/\/www.imagetheatre.cz\/es\/wp-json\/wp\/v2\/pages"}],"about":[{"href":"https:\/\/www.imagetheatre.cz\/es\/wp-json\/wp\/v2\/types\/page"}],"author":[{"embeddable":true,"href":"https:\/\/www.imagetheatre.cz\/es\/wp-json\/wp\/v2\/users\/1"}],"replies":[{"embeddable":true,"href":"https:\/\/www.imagetheatre.cz\/es\/wp-json\/wp\/v2\/comments?post=1611"}],"version-history":[{"count":1,"href":"https:\/\/www.imagetheatre.cz\/es\/wp-json\/wp\/v2\/pages\/1611\/revisions"}],"predecessor-version":[{"id":1612,"href":"https:\/\/www.imagetheatre.cz\/es\/wp-json\/wp\/v2\/pages\/1611\/revisions\/1612"}],"up":[{"embeddable":true,"href":"https:\/\/www.imagetheatre.cz\/es\/wp-json\/wp\/v2\/pages\/1558"}],"wp:attachment":[{"href":"https:\/\/www.imagetheatre.cz\/es\/wp-json\/wp\/v2\/media?parent=1611"}],"curies":[{"name":"wp","href":"https:\/\/api.w.org\/{rel}","templated":true}]}}